{"id":475,"date":"2025-09-29T14:25:59","date_gmt":"2025-09-29T12:25:59","guid":{"rendered":"https:\/\/dune-art-jewelry.com\/?post_type=product&#038;p=475"},"modified":"2025-09-30T14:53:35","modified_gmt":"2025-09-30T12:53:35","slug":"songye-statue","status":"publish","type":"product","link":"https:\/\/dune-art-jewelry.com\/fr\/produit\/songye-statue\/","title":{"rendered":"Songye statue"},"content":{"rendered":"<p><strong>ex-Collection Sylvia &amp; Henry Gygax<\/strong><\/p>\n<p>Songye, R\u00e9publique D\u00e9mocratique du Congo.<\/p>\n<p>Bois, cornes, fibres v\u00e9g\u00e9tales, m\u00e9tal, charge magique.<\/p>\n<p>Statue de pouvoir \u00ab Nkishi \u00bb utilis\u00e9e dans le but de combattre avec l&#8217;aide d&#8217;esprits bienveillants, les maladies, le malheur ou d&#8217;autres probl\u00e8mes.<\/p>\n<p>Haut : 72,5 cm.<\/p>\n<p><strong>Note de Sylvia et Henry, Gygax : &#8220;achet\u00e9 chez un couple d&#8217;amis, Ex coloniaux, 1960, Belgique&#8221;.<\/strong><\/p>","protected":false},"excerpt":{"rendered":"<p><strong><span class=\"HwtZe\" lang=\"en\"><span class=\"jCAhz ChMk0b\"><span class=\"ryNqvb\">Ex-Sylvia &amp; Henry Gygax Collection<\/span><\/span><\/span><\/strong><\/p>\n<p><span class=\"HwtZe\" lang=\"en\"><span class=\"jCAhz ChMk0b\"><span class=\"ryNqvb\">Songye, Democratic Republic of Congo.<\/span><\/span><\/span><\/p>\n<p><span class=\"HwtZe\" lang=\"en\"><span class=\"jCAhz ChMk0b\"><span class=\"ryNqvb\">Wood, horns, plant fibers, metal, magical charge.<\/span><\/span> <\/span><\/p>\n<p><span class=\"HwtZe\" lang=\"en\"><span class=\"jCAhz ChMk0b\"><span class=\"ryNqvb\">Nkishi power statue used to combat illness, misfortune, or other problems with the help of benevolent spirits.<\/span><\/span> <\/span><\/p>\n<p><span class=\"HwtZe\" lang=\"en\"><span class=\"jCAhz\"><span class=\"ryNqvb\">Height: 72.5 cm.<\/span><\/span> <\/span><\/p>\n<p><strong><span class=\"HwtZe\" lang=\"en\"><span class=\"jCAhz ChMk0b\"><span class=\"ryNqvb\">Note from Sylvia and Henry Gygax:<\/span><\/span> &#8220;<span class=\"jCAhz ChMk0b\"><span class=\"ryNqvb\">Purchased from a couple of friends, former colonialists, 1960, Belgium&#8221;.<\/span><\/span><\/span><\/strong><\/p>","protected":false},"featured_media":510,"template":"","meta":[],"product_cat":[45,46],"product_tag":[43],"class_list":{"0":"post-475","1":"product","2":"type-product","3":"status-publish","4":"has-post-thumbnail","6":"product_cat-african-art","7":"product_cat-congo","8":"product_tag-statues","10":"first","11":"instock","12":"shipping-taxable","13":"purchasable","14":"product-type-simple"},"_links":{"self":[{"href":"https:\/\/dune-art-jewelry.com\/fr\/wp-json\/wp\/v2\/product\/475","targetHints":{"allow":["GET"]}}],"collection":[{"href":"https:\/\/dune-art-jewelry.com\/fr\/wp-json\/wp\/v2\/product"}],"about":[{"href":"https:\/\/dune-art-jewelry.com\/fr\/wp-json\/wp\/v2\/types\/product"}],"wp:featuredmedia":[{"embeddable":true,"href":"https:\/\/dune-art-jewelry.com\/fr\/wp-json\/wp\/v2\/media\/510"}],"wp:attachment":[{"href":"https:\/\/dune-art-jewelry.com\/fr\/wp-json\/wp\/v2\/media?parent=475"}],"wp:term":[{"taxonomy":"product_cat","embeddable":true,"href":"https:\/\/dune-art-jewelry.com\/fr\/wp-json\/wp\/v2\/product_cat?post=475"},{"taxonomy":"product_tag","embeddable":true,"href":"https:\/\/dune-art-jewelry.com\/fr\/wp-json\/wp\/v2\/product_tag?post=475"}],"curies":[{"name":"wp","href":"https:\/\/api.w.org\/{rel}","templated":true}]}}