{"id":482,"date":"2025-09-29T14:41:54","date_gmt":"2025-09-29T12:41:54","guid":{"rendered":"https:\/\/dune-art-jewelry.com\/?post_type=product&#038;p=482"},"modified":"2025-09-30T15:07:14","modified_gmt":"2025-09-30T13:07:14","slug":"ibo-mask","status":"publish","type":"product","link":"https:\/\/dune-art-jewelry.com\/fr\/produit\/ibo-mask\/","title":{"rendered":"Ibo mask"},"content":{"rendered":"<p><strong>ex-Collection Sylvia &amp; Henry Gygax<\/strong><\/p>\n<p>Ibo, Nig\u00e9ria.<\/p>\n<p>Bois, pigments, textile.<\/p>\n<p>Masque complet de jeune fille dit \u00ab Agbogo Mmwo \u00bb. Il est compos\u00e9 du masque-heaume surmont\u00e9 d&#8217;un quadripode et son costume de danse qui \u00e9tait cousu \u00e0 m\u00eame le danseur.<\/p>\n<p>Haut : 89 cm.<\/p>","protected":false},"excerpt":{"rendered":"<div class=\"lRu31\" dir=\"ltr\"><strong><span class=\"HwtZe\" lang=\"en\"><span class=\"jCAhz ChMk0b\"><span class=\"ryNqvb\">Former Sylvia &amp; Henry Gygax Collection.<\/span><\/span><\/span><\/strong><\/div>\n<div class=\"lRu31\" dir=\"ltr\"><span class=\"HwtZe\" lang=\"en\"><span class=\"jCAhz ChMk0b\"><span class=\"ryNqvb\">Ibo, Nigeria.<\/span><\/span><\/span><\/div>\n<div class=\"lRu31\" dir=\"ltr\"><span class=\"HwtZe\" lang=\"en\"><span class=\"jCAhz\"><span class=\"ryNqvb\">Complete mask of a young girl known as &#8220;Agbogo Mmwo.&#8221;<\/span><\/span> <span class=\"jCAhz ChMk0b\"><span class=\"ryNqvb\">It consists of a helmet-mask topped with a quadripod and her dance costume, which was sewn onto the dancer&#8217;s body.<\/span><\/span><\/span><\/div>\n<div dir=\"ltr\"><span class=\"HwtZe\" lang=\"en\"><span class=\"jCAhz\"><span class=\"ryNqvb\">Wood, pigments, textile.<\/span><\/span><\/span><\/div>\n<div class=\"lRu31\" dir=\"ltr\"><span class=\"HwtZe\" lang=\"en\"><span class=\"jCAhz\"><span class=\"ryNqvb\">Height: 89 cm.<\/span><\/span><\/span><\/p>\n<div class=\"OvtS8d\"><\/div>\n<div class=\"NQSJo\"><\/div>\n<\/div>\n<div class=\"UdTY9 WdefRb\" aria-hidden=\"true\" data-location=\"2\">\n<div class=\"kO6q6e\"><\/div>\n<\/div>","protected":false},"featured_media":517,"template":"","meta":[],"product_cat":[45,50],"product_tag":[44],"class_list":{"0":"post-482","1":"product","2":"type-product","3":"status-publish","4":"has-post-thumbnail","6":"product_cat-african-art","7":"product_cat-nigeria","8":"product_tag-masks","10":"first","11":"instock","12":"shipping-taxable","13":"purchasable","14":"product-type-simple"},"_links":{"self":[{"href":"https:\/\/dune-art-jewelry.com\/fr\/wp-json\/wp\/v2\/product\/482","targetHints":{"allow":["GET"]}}],"collection":[{"href":"https:\/\/dune-art-jewelry.com\/fr\/wp-json\/wp\/v2\/product"}],"about":[{"href":"https:\/\/dune-art-jewelry.com\/fr\/wp-json\/wp\/v2\/types\/product"}],"wp:featuredmedia":[{"embeddable":true,"href":"https:\/\/dune-art-jewelry.com\/fr\/wp-json\/wp\/v2\/media\/517"}],"wp:attachment":[{"href":"https:\/\/dune-art-jewelry.com\/fr\/wp-json\/wp\/v2\/media?parent=482"}],"wp:term":[{"taxonomy":"product_cat","embeddable":true,"href":"https:\/\/dune-art-jewelry.com\/fr\/wp-json\/wp\/v2\/product_cat?post=482"},{"taxonomy":"product_tag","embeddable":true,"href":"https:\/\/dune-art-jewelry.com\/fr\/wp-json\/wp\/v2\/product_tag?post=482"}],"curies":[{"name":"wp","href":"https:\/\/api.w.org\/{rel}","templated":true}]}}