{"id":490,"date":"2025-09-29T14:46:26","date_gmt":"2025-09-29T12:46:26","guid":{"rendered":"https:\/\/dune-art-jewelry.com\/?post_type=product&#038;p=490"},"modified":"2025-09-30T15:10:56","modified_gmt":"2025-09-30T13:10:56","slug":"mambila-statue","status":"publish","type":"product","link":"https:\/\/dune-art-jewelry.com\/fr\/produit\/mambila-statue\/","title":{"rendered":"Mambila statue"},"content":{"rendered":"<p><strong>ex-Collection Sylvia &amp; Henry Gygax<\/strong><\/p>\n<p>Mambila, Vall\u00e9e de la Donga, Nig\u00e9ria\/Cameroun.<\/p>\n<p>\u00c9tonnante statue f\u00e9minine debout, dans une position de d\u00e9fense, les poings ferm\u00e9s et le visage triangulaire au menton pointu.<\/p>\n<p>Bois, pigments.<\/p>\n<p>Haut : 31 cm.<\/p>","protected":false},"excerpt":{"rendered":"<p><strong><span class=\"HwtZe\" lang=\"en\"><span class=\"jCAhz ChMk0b\"><span class=\"ryNqvb\">Former Sylvia &amp; Henry Gygax collection.<\/span><\/span><\/span><\/strong><\/p>\n<p><span class=\"HwtZe\" lang=\"en\"><span class=\"jCAhz ChMk0b\"><span class=\"ryNqvb\">Mambila, Donga Valley, Nigeria\/Cameroon.<\/span><\/span><\/span><\/p>\n<p><span class=\"HwtZe\" lang=\"en\"><span class=\"jCAhz\"><span class=\"ryNqvb\">Wood, pigments.<\/span><\/span><\/span><\/p>\n<p><span class=\"HwtZe\" lang=\"en\"><span class=\"jCAhz ChMk0b\"><span class=\"ryNqvb\">A striking standing female statue in a defensive position, with clenched fists and a triangular face with a pointed chin.<\/span><\/span><\/span><\/p>\n<p><span class=\"HwtZe\" lang=\"en\"><span class=\"jCAhz ChMk0b\"><span class=\"ryNqvb\">Height: 31 cm.<\/span><\/span><\/span><\/p>","protected":false},"featured_media":519,"template":"","meta":[],"product_cat":[45,47],"product_tag":[43],"class_list":{"0":"post-490","1":"product","2":"type-product","3":"status-publish","4":"has-post-thumbnail","6":"product_cat-african-art","7":"product_cat-cameroon","8":"product_tag-statues","10":"first","11":"instock","12":"shipping-taxable","13":"purchasable","14":"product-type-simple"},"_links":{"self":[{"href":"https:\/\/dune-art-jewelry.com\/fr\/wp-json\/wp\/v2\/product\/490","targetHints":{"allow":["GET"]}}],"collection":[{"href":"https:\/\/dune-art-jewelry.com\/fr\/wp-json\/wp\/v2\/product"}],"about":[{"href":"https:\/\/dune-art-jewelry.com\/fr\/wp-json\/wp\/v2\/types\/product"}],"wp:featuredmedia":[{"embeddable":true,"href":"https:\/\/dune-art-jewelry.com\/fr\/wp-json\/wp\/v2\/media\/519"}],"wp:attachment":[{"href":"https:\/\/dune-art-jewelry.com\/fr\/wp-json\/wp\/v2\/media?parent=490"}],"wp:term":[{"taxonomy":"product_cat","embeddable":true,"href":"https:\/\/dune-art-jewelry.com\/fr\/wp-json\/wp\/v2\/product_cat?post=490"},{"taxonomy":"product_tag","embeddable":true,"href":"https:\/\/dune-art-jewelry.com\/fr\/wp-json\/wp\/v2\/product_tag?post=490"}],"curies":[{"name":"wp","href":"https:\/\/api.w.org\/{rel}","templated":true}]}}